{"id":43,"date":"2024-06-16T09:03:58","date_gmt":"2024-06-16T09:03:58","guid":{"rendered":"https:\/\/demo.bosathemes.com\/bosa\/ai-robotics\/?page_id=887"},"modified":"2025-11-12T18:00:24","modified_gmt":"2025-11-12T17:00:24","slug":"contact","status":"publish","type":"page","link":"https:\/\/neo-digitech.fr\/en\/contact\/","title":{"rendered":"Contact"},"content":{"rendered":"<div data-elementor-type=\"wp-page\" data-elementor-id=\"43\" class=\"elementor elementor-43\">\n\t\t\t\t<div class=\"elementor-element elementor-element-c520401 e-flex e-con-boxed e-con e-parent\" data-id=\"c520401\" data-element_type=\"container\" data-settings=\"{&quot;background_background&quot;:&quot;classic&quot;}\">\n\t\t\t\t\t<div class=\"e-con-inner\">\n\t\t<div class=\"elementor-element elementor-element-800de07 e-flex e-con-boxed e-con e-child\" data-id=\"800de07\" data-element_type=\"container\">\n\t\t\t\t\t<div class=\"e-con-inner\">\n\t\t\t\t<div class=\"elementor-element elementor-element-778b706 elementor-widget elementor-widget-heading\" data-id=\"778b706\" data-element_type=\"widget\" data-widget_type=\"heading.default\">\n\t\t\t\t<div class=\"elementor-widget-container\">\n\t\t\t\t\t<h1 class=\"elementor-heading-title elementor-size-default\">Contact us<\/h1>\t\t\t\t<\/div>\n\t\t\t\t<\/div>\n\t\t\t\t\t<\/div>\n\t\t\t\t<\/div>\n\t\t\t\t\t<\/div>\n\t\t\t\t<\/div>\n\t\t<div class=\"elementor-element elementor-element-b6748e2 e-flex e-con-boxed e-con e-parent\" data-id=\"b6748e2\" data-element_type=\"container\" data-settings=\"{&quot;background_background&quot;:&quot;classic&quot;}\">\n\t\t\t\t\t<div class=\"e-con-inner\">\n\t\t<div class=\"elementor-element elementor-element-c0cf590 e-flex e-con-boxed e-con e-child\" data-id=\"c0cf590\" data-element_type=\"container\">\n\t\t\t\t\t<div class=\"e-con-inner\">\n\t\t<div class=\"elementor-element elementor-element-1aff195 e-flex e-con-boxed e-con e-child\" data-id=\"1aff195\" data-element_type=\"container\">\n\t\t\t\t\t<div class=\"e-con-inner\">\n\t\t\t\t<div class=\"elementor-element elementor-element-76e60c4 elementor-widget elementor-widget-elementskit-heading\" data-id=\"76e60c4\" data-element_type=\"widget\" data-widget_type=\"elementskit-heading.default\">\n\t\t\t\t<div class=\"elementor-widget-container\">\n\t\t\t\t\t<div class=\"ekit-wid-con\" ><div class=\"ekit-heading elementskit-section-title-wraper text_left   ekit_heading_tablet-text_center   ekit_heading_mobile-\"><h2 class=\"ekit-heading--title elementskit-section-title\">Let's discuss  <span><span>your project<\/span><\/span><\/h2>\t\t\t\t<div class='ekit-heading__description'>\n\t\t\t\t\t<p>Do you have an idea, a need or simply a question? Leave us a message via this form. We'll get back to you as soon as possible to discuss and propose solutions tailored to your objectives.<\/p>\n\t\t\t\t<\/div>\n\t\t\t<\/div><\/div>\t\t\t\t<\/div>\n\t\t\t\t<\/div>\n\t\t<div class=\"elementor-element elementor-element-223cd7f e-flex e-con-boxed e-con e-child\" data-id=\"223cd7f\" data-element_type=\"container\">\n\t\t\t\t\t<div class=\"e-con-inner\">\n\t\t<div class=\"elementor-element elementor-element-03225c9 e-con-full e-flex e-con e-child\" data-id=\"03225c9\" data-element_type=\"container\" data-settings=\"{&quot;background_background&quot;:&quot;classic&quot;}\">\n\t\t\t\t<div class=\"elementor-element elementor-element-c391372 elementor-view-stacked elementor-position-left elementor-vertical-align-middle elementor-shape-circle elementor-mobile-position-top elementor-widget elementor-widget-icon-box\" data-id=\"c391372\" data-element_type=\"widget\" data-widget_type=\"icon-box.default\">\n\t\t\t\t<div class=\"elementor-widget-container\">\n\t\t\t\t\t\t\t<div class=\"elementor-icon-box-wrapper\">\n\n\t\t\t\t\t\t<div class=\"elementor-icon-box-icon\">\n\t\t\t\t<span  class=\"elementor-icon\">\n\t\t\t\t<i aria-hidden=\"true\" class=\"icon icon-map-marker1\"><\/i>\t\t\t\t<\/span>\n\t\t\t<\/div>\n\t\t\t\n\t\t\t\t\t\t<div class=\"elementor-icon-box-content\">\n\n\t\t\t\t\t\t\t\t\t<h3 class=\"elementor-icon-box-title\">\n\t\t\t\t\t\t<span  >\n\t\t\t\t\t\t\tOur location\t\t\t\t\t\t<\/span>\n\t\t\t\t\t<\/h3>\n\t\t\t\t\n\t\t\t\t\t\t\t\t\t<p class=\"elementor-icon-box-description\">\n\t\t\t\t\t\t128 Rue la Bo\u00e9tie 75008 Paris \t\t\t\t\t<\/p>\n\t\t\t\t\n\t\t\t<\/div>\n\t\t\t\n\t\t<\/div>\n\t\t\t\t\t\t<\/div>\n\t\t\t\t<\/div>\n\t\t\t\t<\/div>\n\t\t<div class=\"elementor-element elementor-element-45725d7 e-con-full e-flex e-con e-child\" data-id=\"45725d7\" data-element_type=\"container\" data-settings=\"{&quot;background_background&quot;:&quot;classic&quot;}\">\n\t\t\t\t<div class=\"elementor-element elementor-element-f2740c4 elementor-view-stacked elementor-position-left elementor-vertical-align-middle elementor-shape-circle elementor-mobile-position-top elementor-widget elementor-widget-icon-box\" data-id=\"f2740c4\" data-element_type=\"widget\" data-widget_type=\"icon-box.default\">\n\t\t\t\t<div class=\"elementor-widget-container\">\n\t\t\t\t\t\t\t<div class=\"elementor-icon-box-wrapper\">\n\n\t\t\t\t\t\t<div class=\"elementor-icon-box-icon\">\n\t\t\t\t<span  class=\"elementor-icon\">\n\t\t\t\t<i aria-hidden=\"true\" class=\"icon icon-phone-call2\"><\/i>\t\t\t\t<\/span>\n\t\t\t<\/div>\n\t\t\t\n\t\t\t\t\t\t<div class=\"elementor-icon-box-content\">\n\n\t\t\t\t\t\t\t\t\t<h3 class=\"elementor-icon-box-title\">\n\t\t\t\t\t\t<span  >\n\t\t\t\t\t\t\tPhone \/ Whatsapp \t\t\t\t\t\t<\/span>\n\t\t\t\t\t<\/h3>\n\t\t\t\t\n\t\t\t\t\t\t\t\t\t<p class=\"elementor-icon-box-description\">\n\t\t\t\t\t\t 07 59 55 59 73\t\t\t\t\t<\/p>\n\t\t\t\t\n\t\t\t<\/div>\n\t\t\t\n\t\t<\/div>\n\t\t\t\t\t\t<\/div>\n\t\t\t\t<\/div>\n\t\t\t\t<\/div>\n\t\t<div class=\"elementor-element elementor-element-6283947 e-con-full e-flex e-con e-child\" data-id=\"6283947\" data-element_type=\"container\" data-settings=\"{&quot;background_background&quot;:&quot;classic&quot;}\">\n\t\t\t\t<div class=\"elementor-element elementor-element-3ffba5e elementor-view-stacked elementor-position-left elementor-vertical-align-middle elementor-shape-circle elementor-mobile-position-top elementor-widget elementor-widget-icon-box\" data-id=\"3ffba5e\" data-element_type=\"widget\" data-widget_type=\"icon-box.default\">\n\t\t\t\t<div class=\"elementor-widget-container\">\n\t\t\t\t\t\t\t<div class=\"elementor-icon-box-wrapper\">\n\n\t\t\t\t\t\t<div class=\"elementor-icon-box-icon\">\n\t\t\t\t<span  class=\"elementor-icon\">\n\t\t\t\t<i aria-hidden=\"true\" class=\"icon icon-map-marker1\"><\/i>\t\t\t\t<\/span>\n\t\t\t<\/div>\n\t\t\t\n\t\t\t\t\t\t<div class=\"elementor-icon-box-content\">\n\n\t\t\t\t\t\t\t\t\t<h3 class=\"elementor-icon-box-title\">\n\t\t\t\t\t\t<span  >\n\t\t\t\t\t\t\tEmail address\t\t\t\t\t\t<\/span>\n\t\t\t\t\t<\/h3>\n\t\t\t\t\n\t\t\t\t\t\t\t\t\t<p class=\"elementor-icon-box-description\">\n\t\t\t\t\t\tcontact@neo-digitech.fr\t\t\t\t\t<\/p>\n\t\t\t\t\n\t\t\t<\/div>\n\t\t\t\n\t\t<\/div>\n\t\t\t\t\t\t<\/div>\n\t\t\t\t<\/div>\n\t\t\t\t<\/div>\n\t\t\t\t\t<\/div>\n\t\t\t\t<\/div>\n\t\t\t\t\t<\/div>\n\t\t\t\t<\/div>\n\t\t<div class=\"elementor-element elementor-element-ded867c e-flex e-con-boxed e-con e-child\" data-id=\"ded867c\" data-element_type=\"container\">\n\t\t\t\t\t<div class=\"e-con-inner\">\n\t\t<div class=\"elementor-element elementor-element-3581549 e-con-full e-flex e-con e-child\" data-id=\"3581549\" data-element_type=\"container\" data-settings=\"{&quot;background_background&quot;:&quot;classic&quot;}\">\n\t\t\t\t<div class=\"elementor-element elementor-element-173ec99 elementor-widget elementor-widget-bew-elements-contact-form-7\" data-id=\"173ec99\" data-element_type=\"widget\" data-widget_type=\"bew-elements-contact-form-7.default\">\n\t\t\t\t<div class=\"elementor-widget-container\">\n\t\t\t\t\t\t\t\t<section class=\"bew-elements-widgets bew-elements-contact-forms bew-show-label\">\r\n\t\t\t\t\n<div class=\"wpcf7 no-js\" id=\"wpcf7-f247-o1\" lang=\"fr-FR\" dir=\"ltr\" data-wpcf7-id=\"247\">\n<div class=\"screen-reader-response\"><p role=\"status\" aria-live=\"polite\" aria-atomic=\"true\"><\/p> <ul><\/ul><\/div>\n<form action=\"\/en\/wp-json\/wp\/v2\/pages\/43#wpcf7-f247-o1\" method=\"post\" class=\"wpcf7-form init\" aria-label=\"Formulaire de contact\" novalidate=\"novalidate\" data-status=\"init\" data-trp-original-action=\"\/en\/wp-json\/wp\/v2\/pages\/43#wpcf7-f247-o1\">\n<fieldset class=\"hidden-fields-container\"><input type=\"hidden\" name=\"_wpcf7\" value=\"247\" \/><input type=\"hidden\" name=\"_wpcf7_version\" value=\"6.1\" \/><input type=\"hidden\" name=\"_wpcf7_locale\" value=\"fr_FR\" \/><input type=\"hidden\" name=\"_wpcf7_unit_tag\" value=\"wpcf7-f247-o1\" \/><input type=\"hidden\" name=\"_wpcf7_container_post\" value=\"0\" \/><input type=\"hidden\" name=\"_wpcf7_posted_data_hash\" value=\"\" \/>\n<\/fieldset>\n<p><label> *Company name<br \/>\n<span class=\"wpcf7-form-control-wrap\" data-name=\"company-name\"><input size=\"40\" maxlength=\"400\" class=\"wpcf7-form-control wpcf7-text wpcf7-validates-as-required\" aria-required=\"true\" aria-invalid=\"false\" value=\"\" type=\"text\" name=\"company-name\" \/><\/span> <\/label>\n<\/p>\n<p><label> *Your name<br \/>\n<span class=\"wpcf7-form-control-wrap\" data-name=\"your-name\"><input size=\"40\" maxlength=\"400\" class=\"wpcf7-form-control wpcf7-text\" autocomplete=\"name\" aria-invalid=\"false\" value=\"\" type=\"text\" name=\"your-name\" \/><\/span> <\/label>\n<\/p>\n<p><label> *Your e-mail address<br \/>\n<span class=\"wpcf7-form-control-wrap\" data-name=\"your-email\"><input size=\"40\" maxlength=\"400\" class=\"wpcf7-form-control wpcf7-email wpcf7-validates-as-required wpcf7-text wpcf7-validates-as-email\" autocomplete=\"email\" aria-required=\"true\" aria-invalid=\"false\" value=\"\" type=\"email\" name=\"your-email\" \/><\/span> <\/label>\n<\/p>\n<p><label> *Object<br \/>\n<span class=\"wpcf7-form-control-wrap\" data-name=\"your-subject\"><input size=\"40\" maxlength=\"400\" class=\"wpcf7-form-control wpcf7-text wpcf7-validates-as-required\" aria-required=\"true\" aria-invalid=\"false\" value=\"\" type=\"text\" name=\"your-subject\" \/><\/span> <\/label>\n<\/p>\n<p><label> *Your message<br \/>\n<span class=\"wpcf7-form-control-wrap\" data-name=\"your-message\"><textarea cols=\"40\" rows=\"10\" maxlength=\"2000\" class=\"wpcf7-form-control wpcf7-textarea\" aria-invalid=\"false\" name=\"your-message\"><\/textarea><\/span> <\/label>\n<\/p>\n<p><input class=\"wpcf7-form-control wpcf7-submit has-spinner\" type=\"submit\" value=\"Send message\" \/>\n<\/p><div class=\"wpcf7-response-output\" aria-hidden=\"true\"><\/div>\n<input type=\"hidden\" name=\"trp-form-language\" value=\"en\"\/><\/form>\n<\/div>\n\t    \t<\/section>\r\n\t\t\t\t\t\t<\/div>\n\t\t\t\t<\/div>\n\t\t\t\t<\/div>\n\t\t\t\t\t<\/div>\n\t\t\t\t<\/div>\n\t\t\t\t\t<\/div>\n\t\t\t\t<\/div>\n\t\t\t\t\t<\/div>\n\t\t\t\t<\/div>\n\t\t<div class=\"elementor-element elementor-element-81ad7a7 e-con-full e-flex e-con e-parent\" data-id=\"81ad7a7\" data-element_type=\"container\">\n\t\t\t\t<div class=\"elementor-element elementor-element-cf80f6b elementor-widget elementor-widget-google_maps\" data-id=\"cf80f6b\" data-element_type=\"widget\" data-widget_type=\"google_maps.default\">\n\t\t\t\t<div class=\"elementor-widget-container\">\n\t\t\t\t\t\t\t<div class=\"elementor-custom-embed\">\n\t\t\t<iframe loading=\"lazy\"\n\t\t\t\t\tsrc=\"https:\/\/maps.google.com\/maps?q=128%20Avenue%20la%20Bo%C3%A9tie%2075008%20Paris%20&#038;t=m&#038;z=10&#038;output=embed&#038;iwloc=near\"\n\t\t\t\t\ttitle=\"128 Avenue la Bo\u00e9tie 75008 Paris \"\n\t\t\t\t\taria-label=\"128 Avenue la Bo\u00e9tie 75008 Paris \"\n\t\t\t><\/iframe>\n\t\t<\/div>\n\t\t\t\t\t\t<\/div>\n\t\t\t\t<\/div>\n\t\t\t\t<\/div>\n\t\t\t\t<\/div>","protected":false},"excerpt":{"rendered":"<p>Nous contacter Discutons de votre projet Vous avez une id\u00e9e, un besoin ou simplement une question ? Laissez-nous un message via ce formulaire. Nous reviendrons vers vous rapidement pour \u00e9changer et vous proposer les solutions adapt\u00e9es \u00e0 vos objectifs. Notre emplacement 128 Rue la Bo\u00e9tie 75008 Paris T\u00e9l\u00e9phone \/ Whatsapp 07 59 55 59 73 Adresse email contact@neo-digitech.fr *Le nom [&hellip;]<\/p>","protected":false},"author":1,"featured_media":0,"parent":0,"menu_order":0,"comment_status":"closed","ping_status":"closed","template":"elementor_header_footer","meta":{"footnotes":""},"class_list":["post-43","page","type-page","status-publish","hentry"],"yoast_head":"<!-- This site is optimized with the Yoast SEO plugin v25.6 - https:\/\/yoast.com\/wordpress\/plugins\/seo\/ -->\n<title>Contact - Neo-DIGITECH<\/title>\n<meta name=\"description\" content=\"Nous offrons une solution d\u2019externalisation en full remote \u00e0 Paris pour vos projets , avec une ma\u00eetrise des technologies telles que React, Next.js, Node.js, NestJS, TypeScript, PHP Laravel, PostgreSQL, Docker et Firebase %\" \/>\n<meta name=\"robots\" content=\"index, follow, max-snippet:-1, max-image-preview:large, max-video-preview:-1\" \/>\n<link rel=\"canonical\" href=\"https:\/\/neo-digitech.fr\/en\/contact\/\" \/>\n<script type=\"application\/ld+json\" class=\"yoast-schema-graph\">{\"@context\":\"https:\/\/schema.org\",\"@graph\":[{\"@type\":\"WebPage\",\"@id\":\"https:\/\/neo-digitech.fr\/contact\/\",\"url\":\"https:\/\/neo-digitech.fr\/contact\/\",\"name\":\"Contact - Neo-DIGITECH\",\"isPartOf\":{\"@id\":\"https:\/\/neo-digitech.fr\/#website\"},\"datePublished\":\"2024-06-16T09:03:58+00:00\",\"dateModified\":\"2025-11-12T17:00:24+00:00\",\"description\":\"Nous offrons une solution d\u2019externalisation en full remote \u00e0 Paris pour vos projets , avec une ma\u00eetrise des technologies telles que React, Next.js, Node.js, NestJS, TypeScript, PHP Laravel, PostgreSQL, Docker et Firebase %\",\"breadcrumb\":{\"@id\":\"https:\/\/neo-digitech.fr\/contact\/#breadcrumb\"},\"inLanguage\":\"en-US\",\"potentialAction\":[{\"@type\":\"ReadAction\",\"target\":[\"https:\/\/neo-digitech.fr\/contact\/\"]}]},{\"@type\":\"BreadcrumbList\",\"@id\":\"https:\/\/neo-digitech.fr\/contact\/#breadcrumb\",\"itemListElement\":[{\"@type\":\"ListItem\",\"position\":1,\"name\":\"Accueil\",\"item\":\"https:\/\/neo-digitech.fr\/\"},{\"@type\":\"ListItem\",\"position\":2,\"name\":\"Contact\"}]},{\"@type\":\"WebSite\",\"@id\":\"https:\/\/neo-digitech.fr\/#website\",\"url\":\"https:\/\/neo-digitech.fr\/\",\"name\":\"Neo-DIGITECH\",\"description\":\"Nous offrons une solution d\u2019externalisation en full remote \u00e0 Paris pour vos projets , avec une ma\u00eetrise des technologies telles que React, Next.js, Node.js, NestJS, TypeScript, PHP Laravel, PostgreSQL, Docker et Firebase\",\"publisher\":{\"@id\":\"https:\/\/neo-digitech.fr\/#organization\"},\"potentialAction\":[{\"@type\":\"SearchAction\",\"target\":{\"@type\":\"EntryPoint\",\"urlTemplate\":\"https:\/\/neo-digitech.fr\/?s={search_term_string}\"},\"query-input\":{\"@type\":\"PropertyValueSpecification\",\"valueRequired\":true,\"valueName\":\"search_term_string\"}}],\"inLanguage\":\"en-US\"},{\"@type\":\"Organization\",\"@id\":\"https:\/\/neo-digitech.fr\/#organization\",\"name\":\"Neo-DIGITECH\",\"url\":\"https:\/\/neo-digitech.fr\/\",\"logo\":{\"@type\":\"ImageObject\",\"inLanguage\":\"en-US\",\"@id\":\"https:\/\/neo-digitech.fr\/#\/schema\/logo\/image\/\",\"url\":\"https:\/\/neo-digitech.fr\/wp-content\/uploads\/2025\/05\/cropped-cropped-neo-digitech-logo.png\",\"contentUrl\":\"https:\/\/neo-digitech.fr\/wp-content\/uploads\/2025\/05\/cropped-cropped-neo-digitech-logo.png\",\"width\":300,\"height\":84,\"caption\":\"Neo-DIGITECH\"},\"image\":{\"@id\":\"https:\/\/neo-digitech.fr\/#\/schema\/logo\/image\/\"}}]}<\/script>\n<!-- \/ Yoast SEO plugin. -->","yoast_head_json":{"title":"Contact - Neo-DIGITECH","description":"Nous offrons une solution d\u2019externalisation en full remote \u00e0 Paris pour vos projets , avec une ma\u00eetrise des technologies telles que React, Next.js, Node.js, NestJS, TypeScript, PHP Laravel, PostgreSQL, Docker et Firebase %","robots":{"index":"index","follow":"follow","max-snippet":"max-snippet:-1","max-image-preview":"max-image-preview:large","max-video-preview":"max-video-preview:-1"},"canonical":"https:\/\/neo-digitech.fr\/en\/contact\/","schema":{"@context":"https:\/\/schema.org","@graph":[{"@type":"WebPage","@id":"https:\/\/neo-digitech.fr\/contact\/","url":"https:\/\/neo-digitech.fr\/contact\/","name":"Contact - Neo-DIGITECH","isPartOf":{"@id":"https:\/\/neo-digitech.fr\/#website"},"datePublished":"2024-06-16T09:03:58+00:00","dateModified":"2025-11-12T17:00:24+00:00","description":"Nous offrons une solution d\u2019externalisation en full remote \u00e0 Paris pour vos projets , avec une ma\u00eetrise des technologies telles que React, Next.js, Node.js, NestJS, TypeScript, PHP Laravel, PostgreSQL, Docker et Firebase %","breadcrumb":{"@id":"https:\/\/neo-digitech.fr\/contact\/#breadcrumb"},"inLanguage":"en-US","potentialAction":[{"@type":"ReadAction","target":["https:\/\/neo-digitech.fr\/contact\/"]}]},{"@type":"BreadcrumbList","@id":"https:\/\/neo-digitech.fr\/contact\/#breadcrumb","itemListElement":[{"@type":"ListItem","position":1,"name":"Accueil","item":"https:\/\/neo-digitech.fr\/"},{"@type":"ListItem","position":2,"name":"Contact"}]},{"@type":"WebSite","@id":"https:\/\/neo-digitech.fr\/#website","url":"https:\/\/neo-digitech.fr\/","name":"Neo-DIGITECH","description":"Nous offrons une solution d\u2019externalisation en full remote \u00e0 Paris pour vos projets , avec une ma\u00eetrise des technologies telles que React, Next.js, Node.js, NestJS, TypeScript, PHP Laravel, PostgreSQL, Docker et Firebase","publisher":{"@id":"https:\/\/neo-digitech.fr\/#organization"},"potentialAction":[{"@type":"SearchAction","target":{"@type":"EntryPoint","urlTemplate":"https:\/\/neo-digitech.fr\/?s={search_term_string}"},"query-input":{"@type":"PropertyValueSpecification","valueRequired":true,"valueName":"search_term_string"}}],"inLanguage":"en-US"},{"@type":"Organization","@id":"https:\/\/neo-digitech.fr\/#organization","name":"Neo-DIGITECH","url":"https:\/\/neo-digitech.fr\/","logo":{"@type":"ImageObject","inLanguage":"en-US","@id":"https:\/\/neo-digitech.fr\/#\/schema\/logo\/image\/","url":"https:\/\/neo-digitech.fr\/wp-content\/uploads\/2025\/05\/cropped-cropped-neo-digitech-logo.png","contentUrl":"https:\/\/neo-digitech.fr\/wp-content\/uploads\/2025\/05\/cropped-cropped-neo-digitech-logo.png","width":300,"height":84,"caption":"Neo-DIGITECH"},"image":{"@id":"https:\/\/neo-digitech.fr\/#\/schema\/logo\/image\/"}}]}},"_links":{"self":[{"href":"https:\/\/neo-digitech.fr\/en\/wp-json\/wp\/v2\/pages\/43","targetHints":{"allow":["GET"]}}],"collection":[{"href":"https:\/\/neo-digitech.fr\/en\/wp-json\/wp\/v2\/pages"}],"about":[{"href":"https:\/\/neo-digitech.fr\/en\/wp-json\/wp\/v2\/types\/page"}],"author":[{"embeddable":true,"href":"https:\/\/neo-digitech.fr\/en\/wp-json\/wp\/v2\/users\/1"}],"replies":[{"embeddable":true,"href":"https:\/\/neo-digitech.fr\/en\/wp-json\/wp\/v2\/comments?post=43"}],"version-history":[{"count":65,"href":"https:\/\/neo-digitech.fr\/en\/wp-json\/wp\/v2\/pages\/43\/revisions"}],"predecessor-version":[{"id":1039,"href":"https:\/\/neo-digitech.fr\/en\/wp-json\/wp\/v2\/pages\/43\/revisions\/1039"}],"wp:attachment":[{"href":"https:\/\/neo-digitech.fr\/en\/wp-json\/wp\/v2\/media?parent=43"}],"curies":[{"name":"wp","href":"https:\/\/api.w.org\/{rel}","templated":true}]}}