{"id":49,"date":"2024-06-16T07:11:29","date_gmt":"2024-06-16T07:11:29","guid":{"rendered":"https:\/\/demo.bosathemes.com\/bosa\/ai-robotics\/?page_id=740"},"modified":"2025-11-11T22:05:05","modified_gmt":"2025-11-11T21:05:05","slug":"a-propos","status":"publish","type":"page","link":"https:\/\/neo-digitech.fr\/en\/a-propos\/","title":{"rendered":"\u00c0 propos"},"content":{"rendered":"<div data-elementor-type=\"wp-page\" data-elementor-id=\"49\" class=\"elementor elementor-49\">\n\t\t\t\t<div class=\"elementor-element elementor-element-6f0e991 e-flex e-con-boxed e-con e-parent\" data-id=\"6f0e991\" data-element_type=\"container\" data-settings=\"{&quot;background_background&quot;:&quot;classic&quot;}\">\n\t\t\t\t\t<div class=\"e-con-inner\">\n\t\t<div class=\"elementor-element elementor-element-684cb9b e-flex e-con-boxed e-con e-child\" data-id=\"684cb9b\" data-element_type=\"container\">\n\t\t\t\t\t<div class=\"e-con-inner\">\n\t\t\t\t<div class=\"elementor-element elementor-element-b3336b6 elementor-widget elementor-widget-heading\" data-id=\"b3336b6\" data-element_type=\"widget\" data-widget_type=\"heading.default\">\n\t\t\t\t<div class=\"elementor-widget-container\">\n\t\t\t\t\t<h1 class=\"elementor-heading-title elementor-size-default\">About us <\/h1>\t\t\t\t<\/div>\n\t\t\t\t<\/div>\n\t\t\t\t\t<\/div>\n\t\t\t\t<\/div>\n\t\t\t\t\t<\/div>\n\t\t\t\t<\/div>\n\t\t<div class=\"elementor-element elementor-element-f9e6ffd e-flex e-con-boxed e-con e-parent\" data-id=\"f9e6ffd\" data-element_type=\"container\" data-settings=\"{&quot;background_background&quot;:&quot;classic&quot;}\">\n\t\t\t\t\t<div class=\"e-con-inner\">\n\t\t<div class=\"elementor-element elementor-element-1fdef0c e-flex e-con-boxed e-con e-child\" data-id=\"1fdef0c\" data-element_type=\"container\">\n\t\t\t\t\t<div class=\"e-con-inner\">\n\t\t<div class=\"elementor-element elementor-element-cfa2acf e-con-full e-flex e-con e-child\" data-id=\"cfa2acf\" data-element_type=\"container\">\n\t\t\t\t<div class=\"elementor-element elementor-element-4df414e elementor-widget elementor-widget-elementskit-heading\" data-id=\"4df414e\" data-element_type=\"widget\" data-widget_type=\"elementskit-heading.default\">\n\t\t\t\t<div class=\"elementor-widget-container\">\n\t\t\t\t\t<div class=\"ekit-wid-con\" ><div class=\"ekit-heading elementskit-section-title-wraper text_left   ekit_heading_tablet-text_center   ekit_heading_mobile-\"><h2 class=\"ekit-heading--title elementskit-section-title\"><span><span>Who we are<\/span><\/span><\/h2><\/div><\/div>\t\t\t\t<\/div>\n\t\t\t\t<\/div>\n\t\t\t\t<div class=\"elementor-element elementor-element-ebc9bce elementor-widget__width-initial elementor-widget-mobile__width-initial elementor-widget elementor-widget-text-editor\" data-id=\"ebc9bce\" data-element_type=\"widget\" data-widget_type=\"text-editor.default\">\n\t\t\t\t<div class=\"elementor-widget-container\">\n\t\t\t\t\t\t\t\t\t<p>Neo-DIGITECH is a Paris-based company founded by <strong>experts in new technologies<\/strong> with over <strong>10 years of experience<\/strong>.<\/p><p>We are a human-sized company specializing in :<\/p>\t\t\t\t\t\t\t\t<\/div>\n\t\t\t\t<\/div>\n\t\t\t\t<div class=\"elementor-element elementor-element-50f344e elementor-align-left elementor-widget__width-initial elementor-widget-mobile__width-initial elementor-icon-list--layout-traditional elementor-list-item-link-full_width elementor-invisible elementor-widget elementor-widget-icon-list\" data-id=\"50f344e\" data-element_type=\"widget\" data-settings=\"{&quot;_animation&quot;:&quot;slideInRight&quot;,&quot;_animation_delay&quot;:0}\" data-widget_type=\"icon-list.default\">\n\t\t\t\t<div class=\"elementor-widget-container\">\n\t\t\t\t\t\t\t<ul class=\"elementor-icon-list-items\">\n\t\t\t\t\t\t\t<li class=\"elementor-icon-list-item\">\n\t\t\t\t\t\t\t\t\t\t\t<span class=\"elementor-icon-list-icon\">\n\t\t\t\t\t\t\t<svg aria-hidden=\"true\" class=\"e-font-icon-svg e-fas-asterisk\" viewbox=\"0 0 512 512\" xmlns=\"http:\/\/www.w3.org\/2000\/svg\"><path d=\"M478.21 334.093L336 256l142.21-78.093c11.795-6.477 15.961-21.384 9.232-33.037l-19.48-33.741c-6.728-11.653-21.72-15.499-33.227-8.523L296 186.718l3.475-162.204C299.763 11.061 288.937 0 275.48 0h-38.96c-13.456 0-24.283 11.061-23.994 24.514L216 186.718 77.265 102.607c-11.506-6.976-26.499-3.13-33.227 8.523l-19.48 33.741c-6.728 11.653-2.562 26.56 9.233 33.037L176 256 33.79 334.093c-11.795 6.477-15.961 21.384-9.232 33.037l19.48 33.741c6.728 11.653 21.721 15.499 33.227 8.523L216 325.282l-3.475 162.204C212.237 500.939 223.064 512 236.52 512h38.961c13.456 0 24.283-11.061 23.995-24.514L296 325.282l138.735 84.111c11.506 6.976 26.499 3.13 33.227-8.523l19.48-33.741c6.728-11.653 2.563-26.559-9.232-33.036z\"><\/path><\/svg>\t\t\t\t\t\t<\/span>\n\t\t\t\t\t\t\t\t\t\t<span class=\"elementor-icon-list-text\"><strong>Web development<\/strong><\/span>\n\t\t\t\t\t\t\t\t\t<\/li>\n\t\t\t\t\t\t<\/ul>\n\t\t\t\t\t\t<\/div>\n\t\t\t\t<\/div>\n\t\t\t\t<div class=\"elementor-element elementor-element-dcc21f2 elementor-align-left elementor-widget__width-initial elementor-widget-mobile__width-initial elementor-icon-list--layout-traditional elementor-list-item-link-full_width elementor-invisible elementor-widget elementor-widget-icon-list\" data-id=\"dcc21f2\" data-element_type=\"widget\" data-settings=\"{&quot;_animation&quot;:&quot;slideInRight&quot;,&quot;_animation_delay&quot;:0}\" data-widget_type=\"icon-list.default\">\n\t\t\t\t<div class=\"elementor-widget-container\">\n\t\t\t\t\t\t\t<ul class=\"elementor-icon-list-items\">\n\t\t\t\t\t\t\t<li class=\"elementor-icon-list-item\">\n\t\t\t\t\t\t\t\t\t\t\t<span class=\"elementor-icon-list-icon\">\n\t\t\t\t\t\t\t<svg aria-hidden=\"true\" class=\"e-font-icon-svg e-fas-asterisk\" viewbox=\"0 0 512 512\" xmlns=\"http:\/\/www.w3.org\/2000\/svg\"><path d=\"M478.21 334.093L336 256l142.21-78.093c11.795-6.477 15.961-21.384 9.232-33.037l-19.48-33.741c-6.728-11.653-21.72-15.499-33.227-8.523L296 186.718l3.475-162.204C299.763 11.061 288.937 0 275.48 0h-38.96c-13.456 0-24.283 11.061-23.994 24.514L216 186.718 77.265 102.607c-11.506-6.976-26.499-3.13-33.227 8.523l-19.48 33.741c-6.728 11.653-2.562 26.56 9.233 33.037L176 256 33.79 334.093c-11.795 6.477-15.961 21.384-9.232 33.037l19.48 33.741c6.728 11.653 21.721 15.499 33.227 8.523L216 325.282l-3.475 162.204C212.237 500.939 223.064 512 236.52 512h38.961c13.456 0 24.283-11.061 23.995-24.514L296 325.282l138.735 84.111c11.506 6.976 26.499 3.13 33.227-8.523l19.48-33.741c6.728-11.653 2.563-26.559-9.232-33.036z\"><\/path><\/svg>\t\t\t\t\t\t<\/span>\n\t\t\t\t\t\t\t\t\t\t<span class=\"elementor-icon-list-text\"><strong>Mobile development<\/strong><\/span>\n\t\t\t\t\t\t\t\t\t<\/li>\n\t\t\t\t\t\t<\/ul>\n\t\t\t\t\t\t<\/div>\n\t\t\t\t<\/div>\n\t\t\t\t<div class=\"elementor-element elementor-element-790436d elementor-align-left elementor-widget__width-initial elementor-widget-mobile__width-initial elementor-icon-list--layout-traditional elementor-list-item-link-full_width elementor-invisible elementor-widget elementor-widget-icon-list\" data-id=\"790436d\" data-element_type=\"widget\" data-settings=\"{&quot;_animation&quot;:&quot;slideInRight&quot;,&quot;_animation_delay&quot;:0}\" data-widget_type=\"icon-list.default\">\n\t\t\t\t<div class=\"elementor-widget-container\">\n\t\t\t\t\t\t\t<ul class=\"elementor-icon-list-items\">\n\t\t\t\t\t\t\t<li class=\"elementor-icon-list-item\">\n\t\t\t\t\t\t\t\t\t\t\t<span class=\"elementor-icon-list-icon\">\n\t\t\t\t\t\t\t<svg aria-hidden=\"true\" class=\"e-font-icon-svg e-fas-asterisk\" viewbox=\"0 0 512 512\" xmlns=\"http:\/\/www.w3.org\/2000\/svg\"><path d=\"M478.21 334.093L336 256l142.21-78.093c11.795-6.477 15.961-21.384 9.232-33.037l-19.48-33.741c-6.728-11.653-21.72-15.499-33.227-8.523L296 186.718l3.475-162.204C299.763 11.061 288.937 0 275.48 0h-38.96c-13.456 0-24.283 11.061-23.994 24.514L216 186.718 77.265 102.607c-11.506-6.976-26.499-3.13-33.227 8.523l-19.48 33.741c-6.728 11.653-2.562 26.56 9.233 33.037L176 256 33.79 334.093c-11.795 6.477-15.961 21.384-9.232 33.037l19.48 33.741c6.728 11.653 21.721 15.499 33.227 8.523L216 325.282l-3.475 162.204C212.237 500.939 223.064 512 236.52 512h38.961c13.456 0 24.283-11.061 23.995-24.514L296 325.282l138.735 84.111c11.506 6.976 26.499 3.13 33.227-8.523l19.48-33.741c6.728-11.653 2.563-26.559-9.232-33.036z\"><\/path><\/svg>\t\t\t\t\t\t<\/span>\n\t\t\t\t\t\t\t\t\t\t<span class=\"elementor-icon-list-text\"><strong>Software development<\/strong><\/span>\n\t\t\t\t\t\t\t\t\t<\/li>\n\t\t\t\t\t\t<\/ul>\n\t\t\t\t\t\t<\/div>\n\t\t\t\t<\/div>\n\t\t\t\t<div class=\"elementor-element elementor-element-6c409ec elementor-align-left elementor-widget__width-initial elementor-widget-mobile__width-initial elementor-icon-list--layout-traditional elementor-list-item-link-full_width elementor-invisible elementor-widget elementor-widget-icon-list\" data-id=\"6c409ec\" data-element_type=\"widget\" data-settings=\"{&quot;_animation&quot;:&quot;slideInRight&quot;,&quot;_animation_delay&quot;:0}\" data-widget_type=\"icon-list.default\">\n\t\t\t\t<div class=\"elementor-widget-container\">\n\t\t\t\t\t\t\t<ul class=\"elementor-icon-list-items\">\n\t\t\t\t\t\t\t<li class=\"elementor-icon-list-item\">\n\t\t\t\t\t\t\t\t\t\t\t<span class=\"elementor-icon-list-icon\">\n\t\t\t\t\t\t\t<svg aria-hidden=\"true\" class=\"e-font-icon-svg e-fas-asterisk\" viewbox=\"0 0 512 512\" xmlns=\"http:\/\/www.w3.org\/2000\/svg\"><path d=\"M478.21 334.093L336 256l142.21-78.093c11.795-6.477 15.961-21.384 9.232-33.037l-19.48-33.741c-6.728-11.653-21.72-15.499-33.227-8.523L296 186.718l3.475-162.204C299.763 11.061 288.937 0 275.48 0h-38.96c-13.456 0-24.283 11.061-23.994 24.514L216 186.718 77.265 102.607c-11.506-6.976-26.499-3.13-33.227 8.523l-19.48 33.741c-6.728 11.653-2.562 26.56 9.233 33.037L176 256 33.79 334.093c-11.795 6.477-15.961 21.384-9.232 33.037l19.48 33.741c6.728 11.653 21.721 15.499 33.227 8.523L216 325.282l-3.475 162.204C212.237 500.939 223.064 512 236.52 512h38.961c13.456 0 24.283-11.061 23.995-24.514L296 325.282l138.735 84.111c11.506 6.976 26.499 3.13 33.227-8.523l19.48-33.741c6.728-11.653 2.563-26.559-9.232-33.036z\"><\/path><\/svg>\t\t\t\t\t\t<\/span>\n\t\t\t\t\t\t\t\t\t\t<span class=\"elementor-icon-list-text\"><strong>Application Maintenance<\/strong><\/span>\n\t\t\t\t\t\t\t\t\t<\/li>\n\t\t\t\t\t\t<\/ul>\n\t\t\t\t\t\t<\/div>\n\t\t\t\t<\/div>\n\t\t\t\t<div class=\"elementor-element elementor-element-9bb3317 elementor-widget__width-initial elementor-widget-mobile__width-initial elementor-widget elementor-widget-text-editor\" data-id=\"9bb3317\" data-element_type=\"widget\" data-widget_type=\"text-editor.default\">\n\t\t\t\t<div class=\"elementor-widget-container\">\n\t\t\t\t\t\t\t\t\t<p>We put our expertise and know-how to work for our customers.<\/p><p class=\"translation-block\">By choosing Neo-DIGITECH, our clients benefit from the expertise of <strong>qualified engineers with at least 5 years of experience<\/strong>, committed, responsive, with ethics and a high sense of confidentiality, and all at <strong>competitive rates<\/strong>.<\/p><p style=\"text-align: justify; background: white; margin: 0cm 0cm 6.75pt 0cm;\"><span style=\"font-size: 13.5pt; font-family: 'Poppins',serif; color: black;\">We put our expertise and know-how at the service of our customers in full remote from our offices in Paris.<\/span><\/p>\t\t\t\t\t\t\t\t<\/div>\n\t\t\t\t<\/div>\n\t\t\t\t<\/div>\n\t\t\t\t\t<\/div>\n\t\t\t\t<\/div>\n\t\t\t\t\t<\/div>\n\t\t\t\t<\/div>\n\t\t<div class=\"elementor-element elementor-element-641b481 e-flex e-con-boxed e-con e-child\" data-id=\"641b481\" data-element_type=\"container\">\n\t\t\t\t\t<div class=\"e-con-inner\">\n\t\t<div class=\"elementor-element elementor-element-2867abf e-flex e-con-boxed e-con e-child\" data-id=\"2867abf\" data-element_type=\"container\" data-settings=\"{&quot;background_background&quot;:&quot;classic&quot;}\">\n\t\t\t\t\t<div class=\"e-con-inner\">\n\t\t<div class=\"elementor-element elementor-element-fc502d6 e-con-full e-flex e-con e-child\" data-id=\"fc502d6\" data-element_type=\"container\">\n\t\t\t\t<div class=\"elementor-element elementor-element-94f69cb elementor-widget elementor-widget-elementskit-heading\" data-id=\"94f69cb\" data-element_type=\"widget\" data-widget_type=\"elementskit-heading.default\">\n\t\t\t\t<div class=\"elementor-widget-container\">\n\t\t\t\t\t<div class=\"ekit-wid-con\" ><div class=\"ekit-heading elementskit-section-title-wraper text_left   ekit_heading_tablet-text_center   ekit_heading_mobile-\"><h2 class=\"ekit-heading--title elementskit-section-title\"><span><span>Our approach<\/span><\/span><\/h2><\/div><\/div>\t\t\t\t<\/div>\n\t\t\t\t<\/div>\n\t\t\t\t<div class=\"elementor-element elementor-element-b369b25 elementor-widget elementor-widget-elementskit-heading\" data-id=\"b369b25\" data-element_type=\"widget\" data-widget_type=\"elementskit-heading.default\">\n\t\t\t\t<div class=\"elementor-widget-container\">\n\t\t\t\t\t<div class=\"ekit-wid-con\" ><div class=\"ekit-heading elementskit-section-title-wraper text_left   ekit_heading_tablet-text_center   ekit_heading_mobile-\"><h3 class=\"ekit-heading--title elementskit-section-title\">A clear, results-oriented method<\/h3><\/div><\/div>\t\t\t\t<\/div>\n\t\t\t\t<\/div>\n\t\t\t\t<div class=\"elementor-element elementor-element-848ae4a elementor-widget elementor-widget-text-editor\" data-id=\"848ae4a\" data-element_type=\"widget\" data-widget_type=\"text-editor.default\">\n\t\t\t\t<div class=\"elementor-widget-container\">\n\t\t\t\t\t\t\t\t\t<p>We combine a strategic approach, meticulous design and rigorous technical execution. Our process is designed to be fluid and totally transparent at every stage: analysis, design, development, testing, launch and support.<\/p>\t\t\t\t\t\t\t\t<\/div>\n\t\t\t\t<\/div>\n\t\t\t\t<\/div>\n\t\t\t\t\t<\/div>\n\t\t\t\t<\/div>\n\t\t<div class=\"elementor-element elementor-element-8c9a09f e-con-full e-flex e-con e-child\" data-id=\"8c9a09f\" data-element_type=\"container\" data-settings=\"{&quot;background_background&quot;:&quot;classic&quot;}\">\n\t\t<div class=\"elementor-element elementor-element-f7fb748 e-con-full e-flex e-con e-child\" data-id=\"f7fb748\" data-element_type=\"container\">\n\t\t\t\t<div class=\"elementor-element elementor-element-9a84cfc elementor-widget elementor-widget-elementskit-heading\" data-id=\"9a84cfc\" data-element_type=\"widget\" data-widget_type=\"elementskit-heading.default\">\n\t\t\t\t<div class=\"elementor-widget-container\">\n\t\t\t\t\t<div class=\"ekit-wid-con\" ><div class=\"ekit-heading elementskit-section-title-wraper text_left   ekit_heading_tablet-text_center   ekit_heading_mobile-\"><h2 class=\"ekit-heading--title elementskit-section-title\"><span><span>Our team<\/span><\/span><\/h2><\/div><\/div>\t\t\t\t<\/div>\n\t\t\t\t<\/div>\n\t\t\t\t<div class=\"elementor-element elementor-element-a16d2d9 elementor-widget elementor-widget-elementskit-heading\" data-id=\"a16d2d9\" data-element_type=\"widget\" data-widget_type=\"elementskit-heading.default\">\n\t\t\t\t<div class=\"elementor-widget-container\">\n\t\t\t\t\t<div class=\"ekit-wid-con\" ><div class=\"ekit-heading elementskit-section-title-wraper text_left   ekit_heading_tablet-text_center   ekit_heading_mobile-\"><h3 class=\"ekit-heading--title elementskit-section-title\">An agile team at your side<\/h3><\/div><\/div>\t\t\t\t<\/div>\n\t\t\t\t<\/div>\n\t\t\t\t<div class=\"elementor-element elementor-element-762b549 elementor-widget elementor-widget-text-editor\" data-id=\"762b549\" data-element_type=\"widget\" data-widget_type=\"text-editor.default\">\n\t\t\t\t<div class=\"elementor-widget-container\">\n\t\t\t\t\t\t\t\t\t<p>Neo DIGITECH is a team of web enthusiasts with complementary skills in design, development, project management and digital strategy. We work together with a single objective: the success of your projects.<\/p>\t\t\t\t\t\t\t\t<\/div>\n\t\t\t\t<\/div>\n\t\t\t\t<\/div>\n\t\t\t\t<\/div>\n\t\t\t\t\t<\/div>\n\t\t\t\t<\/div>\n\t\t\t\t<\/div>","protected":false},"excerpt":{"rendered":"<p>Nous conna\u00eetre Qui sommes-nous ? Neo-DIGITECH est une soci\u00e9t\u00e9 fond\u00e9e \u00e0 Paris, par des experts des nouvelles technologies avec plus de 10 ans d\u2019exp\u00e9rience. Nous sommes une entreprise \u00e0 taille humaine et sp\u00e9cialis\u00e9e dans : Le d\u00e9veloppement web Le d\u00e9veloppement mobile Le d\u00e9veloppement Logiciel La Maintenance Applicative Nous mettons notre expertise et notre savoir-faire au service de nos clients. En [&hellip;]<\/p>","protected":false},"author":1,"featured_media":0,"parent":0,"menu_order":0,"comment_status":"closed","ping_status":"closed","template":"elementor_header_footer","meta":{"footnotes":""},"class_list":["post-49","page","type-page","status-publish","hentry"],"yoast_head":"<!-- This site is optimized with the Yoast SEO plugin v25.6 - https:\/\/yoast.com\/wordpress\/plugins\/seo\/ -->\n<title>\u00c0 propos - Neo-DIGITECH<\/title>\n<meta name=\"description\" content=\"Nous offrons une solution d\u2019externalisation en full remote \u00e0 Paris pour vos projets , avec une ma\u00eetrise des technologies telles que React, Next.js, Node.js, NestJS, TypeScript, PHP Laravel, PostgreSQL, Docker et Firebase\" \/>\n<meta name=\"robots\" content=\"index, follow, max-snippet:-1, max-image-preview:large, max-video-preview:-1\" \/>\n<link rel=\"canonical\" href=\"https:\/\/neo-digitech.fr\/en\/a-propos\/\" \/>\n<script type=\"application\/ld+json\" class=\"yoast-schema-graph\">{\"@context\":\"https:\/\/schema.org\",\"@graph\":[{\"@type\":\"WebPage\",\"@id\":\"https:\/\/neo-digitech.fr\/a-propos\/\",\"url\":\"https:\/\/neo-digitech.fr\/a-propos\/\",\"name\":\"\u00c0 propos - Neo-DIGITECH\",\"isPartOf\":{\"@id\":\"https:\/\/neo-digitech.fr\/#website\"},\"datePublished\":\"2024-06-16T07:11:29+00:00\",\"dateModified\":\"2025-11-11T21:05:05+00:00\",\"description\":\"Nous offrons une solution d\u2019externalisation en full remote \u00e0 Paris pour vos projets , avec une ma\u00eetrise des technologies telles que React, Next.js, Node.js, NestJS, TypeScript, PHP Laravel, PostgreSQL, Docker et Firebase\",\"breadcrumb\":{\"@id\":\"https:\/\/neo-digitech.fr\/a-propos\/#breadcrumb\"},\"inLanguage\":\"en-US\",\"potentialAction\":[{\"@type\":\"ReadAction\",\"target\":[\"https:\/\/neo-digitech.fr\/a-propos\/\"]}]},{\"@type\":\"BreadcrumbList\",\"@id\":\"https:\/\/neo-digitech.fr\/a-propos\/#breadcrumb\",\"itemListElement\":[{\"@type\":\"ListItem\",\"position\":1,\"name\":\"Accueil\",\"item\":\"https:\/\/neo-digitech.fr\/\"},{\"@type\":\"ListItem\",\"position\":2,\"name\":\"\u00c0 propos\"}]},{\"@type\":\"WebSite\",\"@id\":\"https:\/\/neo-digitech.fr\/#website\",\"url\":\"https:\/\/neo-digitech.fr\/\",\"name\":\"Neo-DIGITECH\",\"description\":\"Nous offrons une solution d\u2019externalisation en full remote \u00e0 Paris pour vos projets , avec une ma\u00eetrise des technologies telles que React, Next.js, Node.js, NestJS, TypeScript, PHP Laravel, PostgreSQL, Docker et Firebase\",\"publisher\":{\"@id\":\"https:\/\/neo-digitech.fr\/#organization\"},\"potentialAction\":[{\"@type\":\"SearchAction\",\"target\":{\"@type\":\"EntryPoint\",\"urlTemplate\":\"https:\/\/neo-digitech.fr\/?s={search_term_string}\"},\"query-input\":{\"@type\":\"PropertyValueSpecification\",\"valueRequired\":true,\"valueName\":\"search_term_string\"}}],\"inLanguage\":\"en-US\"},{\"@type\":\"Organization\",\"@id\":\"https:\/\/neo-digitech.fr\/#organization\",\"name\":\"Neo-DIGITECH\",\"url\":\"https:\/\/neo-digitech.fr\/\",\"logo\":{\"@type\":\"ImageObject\",\"inLanguage\":\"en-US\",\"@id\":\"https:\/\/neo-digitech.fr\/#\/schema\/logo\/image\/\",\"url\":\"https:\/\/neo-digitech.fr\/wp-content\/uploads\/2025\/05\/cropped-cropped-neo-digitech-logo.png\",\"contentUrl\":\"https:\/\/neo-digitech.fr\/wp-content\/uploads\/2025\/05\/cropped-cropped-neo-digitech-logo.png\",\"width\":300,\"height\":84,\"caption\":\"Neo-DIGITECH\"},\"image\":{\"@id\":\"https:\/\/neo-digitech.fr\/#\/schema\/logo\/image\/\"}}]}<\/script>\n<!-- \/ Yoast SEO plugin. -->","yoast_head_json":{"title":"\u00c0 propos - Neo-DIGITECH","description":"Nous offrons une solution d\u2019externalisation en full remote \u00e0 Paris pour vos projets , avec une ma\u00eetrise des technologies telles que React, Next.js, Node.js, NestJS, TypeScript, PHP Laravel, PostgreSQL, Docker et Firebase","robots":{"index":"index","follow":"follow","max-snippet":"max-snippet:-1","max-image-preview":"max-image-preview:large","max-video-preview":"max-video-preview:-1"},"canonical":"https:\/\/neo-digitech.fr\/en\/a-propos\/","schema":{"@context":"https:\/\/schema.org","@graph":[{"@type":"WebPage","@id":"https:\/\/neo-digitech.fr\/a-propos\/","url":"https:\/\/neo-digitech.fr\/a-propos\/","name":"\u00c0 propos - Neo-DIGITECH","isPartOf":{"@id":"https:\/\/neo-digitech.fr\/#website"},"datePublished":"2024-06-16T07:11:29+00:00","dateModified":"2025-11-11T21:05:05+00:00","description":"Nous offrons une solution d\u2019externalisation en full remote \u00e0 Paris pour vos projets , avec une ma\u00eetrise des technologies telles que React, Next.js, Node.js, NestJS, TypeScript, PHP Laravel, PostgreSQL, Docker et Firebase","breadcrumb":{"@id":"https:\/\/neo-digitech.fr\/a-propos\/#breadcrumb"},"inLanguage":"en-US","potentialAction":[{"@type":"ReadAction","target":["https:\/\/neo-digitech.fr\/a-propos\/"]}]},{"@type":"BreadcrumbList","@id":"https:\/\/neo-digitech.fr\/a-propos\/#breadcrumb","itemListElement":[{"@type":"ListItem","position":1,"name":"Accueil","item":"https:\/\/neo-digitech.fr\/"},{"@type":"ListItem","position":2,"name":"\u00c0 propos"}]},{"@type":"WebSite","@id":"https:\/\/neo-digitech.fr\/#website","url":"https:\/\/neo-digitech.fr\/","name":"Neo-DIGITECH","description":"Nous offrons une solution d\u2019externalisation en full remote \u00e0 Paris pour vos projets , avec une ma\u00eetrise des technologies telles que React, Next.js, Node.js, NestJS, TypeScript, PHP Laravel, PostgreSQL, Docker et Firebase","publisher":{"@id":"https:\/\/neo-digitech.fr\/#organization"},"potentialAction":[{"@type":"SearchAction","target":{"@type":"EntryPoint","urlTemplate":"https:\/\/neo-digitech.fr\/?s={search_term_string}"},"query-input":{"@type":"PropertyValueSpecification","valueRequired":true,"valueName":"search_term_string"}}],"inLanguage":"en-US"},{"@type":"Organization","@id":"https:\/\/neo-digitech.fr\/#organization","name":"Neo-DIGITECH","url":"https:\/\/neo-digitech.fr\/","logo":{"@type":"ImageObject","inLanguage":"en-US","@id":"https:\/\/neo-digitech.fr\/#\/schema\/logo\/image\/","url":"https:\/\/neo-digitech.fr\/wp-content\/uploads\/2025\/05\/cropped-cropped-neo-digitech-logo.png","contentUrl":"https:\/\/neo-digitech.fr\/wp-content\/uploads\/2025\/05\/cropped-cropped-neo-digitech-logo.png","width":300,"height":84,"caption":"Neo-DIGITECH"},"image":{"@id":"https:\/\/neo-digitech.fr\/#\/schema\/logo\/image\/"}}]}},"_links":{"self":[{"href":"https:\/\/neo-digitech.fr\/en\/wp-json\/wp\/v2\/pages\/49","targetHints":{"allow":["GET"]}}],"collection":[{"href":"https:\/\/neo-digitech.fr\/en\/wp-json\/wp\/v2\/pages"}],"about":[{"href":"https:\/\/neo-digitech.fr\/en\/wp-json\/wp\/v2\/types\/page"}],"author":[{"embeddable":true,"href":"https:\/\/neo-digitech.fr\/en\/wp-json\/wp\/v2\/users\/1"}],"replies":[{"embeddable":true,"href":"https:\/\/neo-digitech.fr\/en\/wp-json\/wp\/v2\/comments?post=49"}],"version-history":[{"count":149,"href":"https:\/\/neo-digitech.fr\/en\/wp-json\/wp\/v2\/pages\/49\/revisions"}],"predecessor-version":[{"id":1036,"href":"https:\/\/neo-digitech.fr\/en\/wp-json\/wp\/v2\/pages\/49\/revisions\/1036"}],"wp:attachment":[{"href":"https:\/\/neo-digitech.fr\/en\/wp-json\/wp\/v2\/media?parent=49"}],"curies":[{"name":"wp","href":"https:\/\/api.w.org\/{rel}","templated":true}]}}