{"id":715,"date":"2025-05-22T20:01:20","date_gmt":"2025-05-22T18:01:20","guid":{"rendered":"https:\/\/neo-digitech.fr\/?page_id=715"},"modified":"2025-08-02T17:16:37","modified_gmt":"2025-08-02T15:16:37","slug":"carriere","status":"publish","type":"page","link":"https:\/\/neo-digitech.fr\/en\/carriere\/","title":{"rendered":"Career"},"content":{"rendered":"<div data-elementor-type=\"wp-page\" data-elementor-id=\"715\" class=\"elementor elementor-715\">\n\t\t\t\t<div class=\"elementor-element elementor-element-5358843 e-flex e-con-boxed e-con e-parent\" data-id=\"5358843\" data-element_type=\"container\" data-settings=\"{&quot;background_background&quot;:&quot;classic&quot;}\">\n\t\t\t\t\t<div class=\"e-con-inner\">\n\t\t<div class=\"elementor-element elementor-element-0879a06 e-flex e-con-boxed e-con e-child\" data-id=\"0879a06\" data-element_type=\"container\">\n\t\t\t\t\t<div class=\"e-con-inner\">\n\t\t\t\t<div class=\"elementor-element elementor-element-e149ad7 elementor-widget elementor-widget-heading\" data-id=\"e149ad7\" data-element_type=\"widget\" data-widget_type=\"heading.default\">\n\t\t\t\t<div class=\"elementor-widget-container\">\n\t\t\t\t\t<h1 class=\"elementor-heading-title elementor-size-default\">Career<\/h1>\t\t\t\t<\/div>\n\t\t\t\t<\/div>\n\t\t\t\t\t<\/div>\n\t\t\t\t<\/div>\n\t\t\t\t\t<\/div>\n\t\t\t\t<\/div>\n\t\t<div class=\"elementor-element elementor-element-1e6c1158 e-flex e-con-boxed e-con e-parent\" data-id=\"1e6c1158\" data-element_type=\"container\" data-settings=\"{&quot;background_background&quot;:&quot;classic&quot;}\">\n\t\t\t\t\t<div class=\"e-con-inner\">\n\t\t<div class=\"elementor-element elementor-element-67d2aa5e e-flex e-con-boxed e-con e-child\" data-id=\"67d2aa5e\" data-element_type=\"container\">\n\t\t\t\t\t<div class=\"e-con-inner\">\n\t\t<div class=\"elementor-element elementor-element-42ffefc0 e-con-full e-flex e-con e-child\" data-id=\"42ffefc0\" data-element_type=\"container\">\n\t\t\t\t<div class=\"elementor-element elementor-element-f7541db elementor-widget elementor-widget-image\" data-id=\"f7541db\" data-element_type=\"widget\" data-widget_type=\"image.default\">\n\t\t\t\t<div class=\"elementor-widget-container\">\n\t\t\t\t\t\t\t\t\t\t\t\t\t\t\t<img decoding=\"async\" width=\"300\" height=\"84\" src=\"https:\/\/neo-digitech.fr\/wp-content\/uploads\/2025\/05\/neo-digitech-logo-white.png\" class=\"attachment-large size-large wp-image-282\" alt=\"neo-digitech-logo-white\" \/>\t\t\t\t\t\t\t\t\t\t\t\t\t\t\t<\/div>\n\t\t\t\t<\/div>\n\t\t\t\t<\/div>\n\t\t<div class=\"elementor-element elementor-element-79bab51c e-flex e-con-boxed e-con e-child\" data-id=\"79bab51c\" data-element_type=\"container\">\n\t\t\t\t\t<div class=\"e-con-inner\">\n\t\t\t\t<div class=\"elementor-element elementor-element-29f850c5 elementor-widget elementor-widget-text-editor\" data-id=\"29f850c5\" data-element_type=\"widget\" data-widget_type=\"text-editor.default\">\n\t\t\t\t<div class=\"elementor-widget-container\">\n\t\t\t\t\t\t\t\t\t<p>We offer a unique working environment, with a focus on creating the right conditions for everyone to excel, grow and feel confident. Our philosophy is based on three pillars.<\/p>\t\t\t\t\t\t\t\t<\/div>\n\t\t\t\t<\/div>\n\t\t\t\t\t<\/div>\n\t\t\t\t<\/div>\n\t\t\t\t\t<\/div>\n\t\t\t\t<\/div>\n\t\t\t\t\t<\/div>\n\t\t\t\t<\/div>\n\t\t<div class=\"elementor-element elementor-element-6f6aac6f e-flex e-con-boxed e-con e-parent\" data-id=\"6f6aac6f\" data-element_type=\"container\" data-settings=\"{&quot;background_background&quot;:&quot;classic&quot;}\">\n\t\t\t\t\t<div class=\"e-con-inner\">\n\t\t<div class=\"elementor-element elementor-element-446309fc e-flex e-con-boxed e-con e-child\" data-id=\"446309fc\" data-element_type=\"container\">\n\t\t\t\t\t<div class=\"e-con-inner\">\n\t\t<div class=\"elementor-element elementor-element-16f79f1c e-con-full e-flex e-con e-child\" data-id=\"16f79f1c\" data-element_type=\"container\">\n\t\t<div class=\"elementor-element elementor-element-3cb21c16 e-flex e-con-boxed e-con e-child\" data-id=\"3cb21c16\" data-element_type=\"container\">\n\t\t\t\t\t<div class=\"e-con-inner\">\n\t\t<div class=\"elementor-element elementor-element-2eb4867c e-con-full e-flex e-con e-child\" data-id=\"2eb4867c\" data-element_type=\"container\">\n\t\t\t\t<div class=\"elementor-element elementor-element-777bdac7 elementor-align-left elementor-icon-list--layout-traditional elementor-list-item-link-full_width elementor-invisible elementor-widget elementor-widget-icon-list\" data-id=\"777bdac7\" data-element_type=\"widget\" data-settings=\"{&quot;_animation&quot;:&quot;slideInRight&quot;,&quot;_animation_delay&quot;:0}\" data-widget_type=\"icon-list.default\">\n\t\t\t\t<div class=\"elementor-widget-container\">\n\t\t\t\t\t\t\t<ul class=\"elementor-icon-list-items\">\n\t\t\t\t\t\t\t<li class=\"elementor-icon-list-item\">\n\t\t\t\t\t\t\t\t\t\t\t<span class=\"elementor-icon-list-icon\">\n\t\t\t\t\t\t\t<svg aria-hidden=\"true\" class=\"e-font-icon-svg e-fas-check-double\" viewbox=\"0 0 512 512\" xmlns=\"http:\/\/www.w3.org\/2000\/svg\"><path d=\"M505 174.8l-39.6-39.6c-9.4-9.4-24.6-9.4-33.9 0L192 374.7 80.6 263.2c-9.4-9.4-24.6-9.4-33.9 0L7 302.9c-9.4 9.4-9.4 24.6 0 34L175 505c9.4 9.4 24.6 9.4 33.9 0l296-296.2c9.4-9.5 9.4-24.7.1-34zm-324.3 106c6.2 6.3 16.4 6.3 22.6 0l208-208.2c6.2-6.3 6.2-16.4 0-22.6L366.1 4.7c-6.2-6.3-16.4-6.3-22.6 0L192 156.2l-55.4-55.5c-6.2-6.3-16.4-6.3-22.6 0L68.7 146c-6.2 6.3-6.2 16.4 0 22.6l112 112.2z\"><\/path><\/svg>\t\t\t\t\t\t<\/span>\n\t\t\t\t\t\t\t\t\t\t<span class=\"elementor-icon-list-text\">TIME TO BLOSSOM<\/span>\n\t\t\t\t\t\t\t\t\t<\/li>\n\t\t\t\t\t\t<\/ul>\n\t\t\t\t\t\t<\/div>\n\t\t\t\t<\/div>\n\t\t\t\t<div class=\"elementor-element elementor-element-e6ca811 elementor-align-left elementor-icon-list--layout-traditional elementor-list-item-link-full_width elementor-invisible elementor-widget elementor-widget-icon-list\" data-id=\"e6ca811\" data-element_type=\"widget\" data-settings=\"{&quot;_animation&quot;:&quot;slideInRight&quot;,&quot;_animation_delay&quot;:0}\" data-widget_type=\"icon-list.default\">\n\t\t\t\t<div class=\"elementor-widget-container\">\n\t\t\t\t\t\t\t<ul class=\"elementor-icon-list-items\">\n\t\t\t\t\t\t\t<li class=\"elementor-icon-list-item\">\n\t\t\t\t\t\t\t\t\t\t\t<span class=\"elementor-icon-list-icon\">\n\t\t\t\t\t\t\t<svg aria-hidden=\"true\" class=\"e-font-icon-svg e-fas-check-double\" viewbox=\"0 0 512 512\" xmlns=\"http:\/\/www.w3.org\/2000\/svg\"><path d=\"M505 174.8l-39.6-39.6c-9.4-9.4-24.6-9.4-33.9 0L192 374.7 80.6 263.2c-9.4-9.4-24.6-9.4-33.9 0L7 302.9c-9.4 9.4-9.4 24.6 0 34L175 505c9.4 9.4 24.6 9.4 33.9 0l296-296.2c9.4-9.5 9.4-24.7.1-34zm-324.3 106c6.2 6.3 16.4 6.3 22.6 0l208-208.2c6.2-6.3 6.2-16.4 0-22.6L366.1 4.7c-6.2-6.3-16.4-6.3-22.6 0L192 156.2l-55.4-55.5c-6.2-6.3-16.4-6.3-22.6 0L68.7 146c-6.2 6.3-6.2 16.4 0 22.6l112 112.2z\"><\/path><\/svg>\t\t\t\t\t\t<\/span>\n\t\t\t\t\t\t\t\t\t\t<span class=\"elementor-icon-list-text\">FOSTER INDIVIDUAL AND MUTUAL FULFILLMENT<\/span>\n\t\t\t\t\t\t\t\t\t<\/li>\n\t\t\t\t\t\t<\/ul>\n\t\t\t\t\t\t<\/div>\n\t\t\t\t<\/div>\n\t\t\t\t<div class=\"elementor-element elementor-element-a23f08f elementor-align-left elementor-icon-list--layout-traditional elementor-list-item-link-full_width elementor-invisible elementor-widget elementor-widget-icon-list\" data-id=\"a23f08f\" data-element_type=\"widget\" data-settings=\"{&quot;_animation&quot;:&quot;slideInRight&quot;,&quot;_animation_delay&quot;:0}\" data-widget_type=\"icon-list.default\">\n\t\t\t\t<div class=\"elementor-widget-container\">\n\t\t\t\t\t\t\t<ul class=\"elementor-icon-list-items\">\n\t\t\t\t\t\t\t<li class=\"elementor-icon-list-item\">\n\t\t\t\t\t\t\t\t\t\t\t<span class=\"elementor-icon-list-icon\">\n\t\t\t\t\t\t\t<svg aria-hidden=\"true\" class=\"e-font-icon-svg e-fas-check-double\" viewbox=\"0 0 512 512\" xmlns=\"http:\/\/www.w3.org\/2000\/svg\"><path d=\"M505 174.8l-39.6-39.6c-9.4-9.4-24.6-9.4-33.9 0L192 374.7 80.6 263.2c-9.4-9.4-24.6-9.4-33.9 0L7 302.9c-9.4 9.4-9.4 24.6 0 34L175 505c9.4 9.4 24.6 9.4 33.9 0l296-296.2c9.4-9.5 9.4-24.7.1-34zm-324.3 106c6.2 6.3 16.4 6.3 22.6 0l208-208.2c6.2-6.3 6.2-16.4 0-22.6L366.1 4.7c-6.2-6.3-16.4-6.3-22.6 0L192 156.2l-55.4-55.5c-6.2-6.3-16.4-6.3-22.6 0L68.7 146c-6.2 6.3-6.2 16.4 0 22.6l112 112.2z\"><\/path><\/svg>\t\t\t\t\t\t<\/span>\n\t\t\t\t\t\t\t\t\t\t<span class=\"elementor-icon-list-text\">PUTTING PEOPLE FIRST AND PROMOTING DIVERSITY AND INCLUSION<\/span>\n\t\t\t\t\t\t\t\t\t<\/li>\n\t\t\t\t\t\t<\/ul>\n\t\t\t\t\t\t<\/div>\n\t\t\t\t<\/div>\n\t\t\t\t<\/div>\n\t\t\t\t\t<\/div>\n\t\t\t\t<\/div>\n\t\t\t\t<\/div>\n\t\t<div class=\"elementor-element elementor-element-5ea7c991 e-con-full e-flex elementor-invisible e-con e-child\" data-id=\"5ea7c991\" data-element_type=\"container\" data-settings=\"{&quot;animation&quot;:&quot;fadeInDown&quot;,&quot;animation_delay&quot;:2000}\">\n\t\t\t\t<div class=\"elementor-element elementor-element-fb951ef elementor-widget elementor-widget-image\" data-id=\"fb951ef\" data-element_type=\"widget\" data-widget_type=\"image.default\">\n\t\t\t\t<div class=\"elementor-widget-container\">\n\t\t\t\t\t\t\t\t\t\t\t\t\t\t\t<img fetchpriority=\"high\" decoding=\"async\" width=\"640\" height=\"412\" src=\"https:\/\/neo-digitech.fr\/wp-content\/uploads\/2025\/05\/teamwork.jpg\" class=\"attachment-large size-large wp-image-734\" alt=\"\" srcset=\"https:\/\/neo-digitech.fr\/wp-content\/uploads\/2025\/05\/teamwork.jpg 640w, https:\/\/neo-digitech.fr\/wp-content\/uploads\/2025\/05\/teamwork-300x193.jpg 300w\" sizes=\"(max-width: 640px) 100vw, 640px\" \/>\t\t\t\t\t\t\t\t\t\t\t\t\t\t\t<\/div>\n\t\t\t\t<\/div>\n\t\t\t\t<\/div>\n\t\t\t\t\t<\/div>\n\t\t\t\t<\/div>\n\t\t\t\t\t<\/div>\n\t\t\t\t<\/div>\n\t\t<div class=\"elementor-element elementor-element-68c68b9f e-flex e-con-boxed e-con e-child\" data-id=\"68c68b9f\" data-element_type=\"container\">\n\t\t\t\t\t<div class=\"e-con-inner\">\n\t\t<div class=\"elementor-element elementor-element-701cb24 e-con-full e-flex e-con e-child\" data-id=\"701cb24\" data-element_type=\"container\">\n\t\t\t\t<div class=\"elementor-element elementor-element-43a5fa43 elementor-widget elementor-widget-heading\" data-id=\"43a5fa43\" data-element_type=\"widget\" data-widget_type=\"heading.default\">\n\t\t\t\t<div class=\"elementor-widget-container\">\n\t\t\t\t\t<h2 class=\"elementor-heading-title elementor-size-default\">Would you like to work on innovative and demanding projects?<\/h2>\t\t\t\t<\/div>\n\t\t\t\t<\/div>\n\t\t\t\t<div class=\"elementor-element elementor-element-05eeb5e elementor-widget-mobile__width-initial elementor-widget elementor-widget-text-editor\" data-id=\"05eeb5e\" data-element_type=\"widget\" data-widget_type=\"text-editor.default\">\n\t\t\t\t<div class=\"elementor-widget-container\">\n\t\t\t\t\t\t\t\t\t<p>Are you driven by the desire to solve complex problems, contribute to high-impact projects and be part of a team that moves forward with clarity and high standards?<\/p><p>We're looking for people who can think, act and evolve in a fast-moving environment.<\/p><p>What we offer: stimulating challenges, real responsibilities, a shared vision and an environment conducive to excellence.<\/p><p>If you're looking for meaning, rigor and innovation, this could be the place for you.<br \/><br \/><\/p>\t\t\t\t\t\t\t\t<\/div>\n\t\t\t\t<\/div>\n\t\t\t\t<\/div>\n\t\t<div class=\"elementor-element elementor-element-87c7f58 e-con-full e-flex e-con e-child\" data-id=\"87c7f58\" data-element_type=\"container\">\n\t\t\t\t<div class=\"elementor-element elementor-element-1ead875 elementor-widget__width-initial elementor-widget elementor-widget-bew-elements-contact-form-7\" data-id=\"1ead875\" data-element_type=\"widget\" data-widget_type=\"bew-elements-contact-form-7.default\">\n\t\t\t\t<div class=\"elementor-widget-container\">\n\t\t\t\t\t\t\t\t<section class=\"bew-elements-widgets bew-elements-contact-forms bew-show-label\">\r\n\t\t\t\t\n<div class=\"wpcf7 no-js\" id=\"wpcf7-f742-o1\" lang=\"fr-FR\" dir=\"ltr\" data-wpcf7-id=\"742\">\n<div class=\"screen-reader-response\"><p role=\"status\" aria-live=\"polite\" aria-atomic=\"true\"><\/p> <ul><\/ul><\/div>\n<form action=\"\/en\/wp-json\/wp\/v2\/pages\/715#wpcf7-f742-o1\" method=\"post\" class=\"wpcf7-form init\" aria-label=\"Formulaire de contact\" enctype=\"multipart\/form-data\" novalidate=\"novalidate\" data-status=\"init\" data-trp-original-action=\"\/en\/wp-json\/wp\/v2\/pages\/715#wpcf7-f742-o1\">\n<fieldset class=\"hidden-fields-container\"><input type=\"hidden\" name=\"_wpcf7\" value=\"742\" \/><input type=\"hidden\" name=\"_wpcf7_version\" value=\"6.1\" \/><input type=\"hidden\" name=\"_wpcf7_locale\" value=\"fr_FR\" \/><input type=\"hidden\" name=\"_wpcf7_unit_tag\" value=\"wpcf7-f742-o1\" \/><input type=\"hidden\" name=\"_wpcf7_container_post\" value=\"0\" \/><input type=\"hidden\" name=\"_wpcf7_posted_data_hash\" value=\"\" \/>\n<\/fieldset>\n<p><label> *Your name<br \/>\n<span class=\"wpcf7-form-control-wrap\" data-name=\"your-name\"><input size=\"40\" maxlength=\"400\" class=\"wpcf7-form-control wpcf7-text wpcf7-validates-as-required\" autocomplete=\"name\" aria-required=\"true\" aria-invalid=\"false\" value=\"\" type=\"text\" name=\"your-name\" \/><\/span> <\/label>\n<\/p>\n<p><label> *Your e-mail address<br \/>\n<span class=\"wpcf7-form-control-wrap\" data-name=\"your-email\"><input size=\"40\" maxlength=\"400\" class=\"wpcf7-form-control wpcf7-email wpcf7-validates-as-required wpcf7-text wpcf7-validates-as-email\" autocomplete=\"email\" aria-required=\"true\" aria-invalid=\"false\" value=\"\" type=\"email\" name=\"your-email\" \/><\/span> <\/label>\n<\/p>\n<p><label> *Your CV (PDF Only)<br \/>\n<span class=\"wpcf7-form-control-wrap\" data-name=\"cv\"><input size=\"40\" class=\"wpcf7-form-control wpcf7-file wpcf7-validates-as-required\" accept=\".pdf\" aria-required=\"true\" aria-invalid=\"false\" type=\"file\" name=\"cv\" \/><\/span> <\/label>\n<\/p>\n<p><label> *Your cover letter<br \/>\n<span class=\"wpcf7-form-control-wrap\" data-name=\"your-message\"><textarea cols=\"40\" rows=\"10\" maxlength=\"2000\" class=\"wpcf7-form-control wpcf7-textarea\" aria-invalid=\"false\" name=\"your-message\"><\/textarea><\/span> <\/label>\n<\/p>\n<p><input class=\"wpcf7-form-control wpcf7-submit has-spinner\" type=\"submit\" value=\"Send my application\" \/>\n<\/p><div class=\"wpcf7-response-output\" aria-hidden=\"true\"><\/div>\n<input type=\"hidden\" name=\"trp-form-language\" value=\"en\"\/><\/form>\n<\/div>\n\t    \t<\/section>\r\n\t\t\t\t\t\t<\/div>\n\t\t\t\t<\/div>\n\t\t\t\t<\/div>\n\t\t\t\t\t<\/div>\n\t\t\t\t<\/div>\n\t\t<div class=\"elementor-element elementor-element-139beac e-flex e-con-boxed e-con e-parent\" data-id=\"139beac\" data-element_type=\"container\">\n\t\t\t\t\t<div class=\"e-con-inner\">\n\t\t\t\t\t<\/div>\n\t\t\t\t<\/div>\n\t\t\t\t<\/div>","protected":false},"excerpt":{"rendered":"<p>Carri\u00e8re Nous offrons un environnement de travail unique, qui s\u2019attache \u00e0 cr\u00e9er des conditions offrant \u00e0 chacun la possibilit\u00e9 de se d\u00e9passer, de s\u2019\u00e9panouir et de se sentir en confiance. Notre philosophie repose sur trois piliers. DONNER LE TEMPS DE S\u2019\u00c9PANOUIR FAVORISER L\u2019ACCOMPLISSEMENT INDIVIDUEL ET R\u00c9CIPROQUE PLACER L\u2019HUMAIN AU CENTRE ET PROMOUVOIR LA DIVERSIT\u00c9 ET L\u2019INCLUSION Envie de collaborer sur [&hellip;]<\/p>","protected":false},"author":1,"featured_media":0,"parent":0,"menu_order":0,"comment_status":"closed","ping_status":"closed","template":"elementor_header_footer","meta":{"footnotes":""},"class_list":["post-715","page","type-page","status-publish","hentry"],"yoast_head":"<!-- This site is optimized with the Yoast SEO plugin v25.6 - https:\/\/yoast.com\/wordpress\/plugins\/seo\/ -->\n<title>Carri\u00e8re - Neo-DIGITECH<\/title>\n<meta name=\"description\" content=\"Nous offrons une solution d\u2019externalisation en full remote \u00e0 Paris pour vos projets , avec une ma\u00eetrise des technologies telles que React, Next.js, Node.js, NestJS, TypeScript, PHP Laravel, PostgreSQL, Docker et Firebase\" \/>\n<meta name=\"robots\" content=\"index, follow, max-snippet:-1, max-image-preview:large, max-video-preview:-1\" \/>\n<link rel=\"canonical\" href=\"https:\/\/neo-digitech.fr\/en\/carriere\/\" \/>\n<script type=\"application\/ld+json\" class=\"yoast-schema-graph\">{\"@context\":\"https:\/\/schema.org\",\"@graph\":[{\"@type\":\"WebPage\",\"@id\":\"https:\/\/neo-digitech.fr\/carriere\/\",\"url\":\"https:\/\/neo-digitech.fr\/carriere\/\",\"name\":\"Carri\u00e8re - Neo-DIGITECH\",\"isPartOf\":{\"@id\":\"https:\/\/neo-digitech.fr\/#website\"},\"primaryImageOfPage\":{\"@id\":\"https:\/\/neo-digitech.fr\/carriere\/#primaryimage\"},\"image\":{\"@id\":\"https:\/\/neo-digitech.fr\/carriere\/#primaryimage\"},\"thumbnailUrl\":\"https:\/\/neo-digitech.fr\/wp-content\/uploads\/2025\/05\/neo-digitech-logo-white.png\",\"datePublished\":\"2025-05-22T18:01:20+00:00\",\"dateModified\":\"2025-08-02T15:16:37+00:00\",\"description\":\"Nous offrons une solution d\u2019externalisation en full remote \u00e0 Paris pour vos projets , avec une ma\u00eetrise des technologies telles que React, Next.js, Node.js, NestJS, TypeScript, PHP Laravel, PostgreSQL, Docker et Firebase\",\"breadcrumb\":{\"@id\":\"https:\/\/neo-digitech.fr\/carriere\/#breadcrumb\"},\"inLanguage\":\"en-US\",\"potentialAction\":[{\"@type\":\"ReadAction\",\"target\":[\"https:\/\/neo-digitech.fr\/carriere\/\"]}]},{\"@type\":\"ImageObject\",\"inLanguage\":\"en-US\",\"@id\":\"https:\/\/neo-digitech.fr\/carriere\/#primaryimage\",\"url\":\"https:\/\/neo-digitech.fr\/wp-content\/uploads\/2025\/05\/neo-digitech-logo-white.png\",\"contentUrl\":\"https:\/\/neo-digitech.fr\/wp-content\/uploads\/2025\/05\/neo-digitech-logo-white.png\"},{\"@type\":\"BreadcrumbList\",\"@id\":\"https:\/\/neo-digitech.fr\/carriere\/#breadcrumb\",\"itemListElement\":[{\"@type\":\"ListItem\",\"position\":1,\"name\":\"Accueil\",\"item\":\"https:\/\/neo-digitech.fr\/\"},{\"@type\":\"ListItem\",\"position\":2,\"name\":\"Carri\u00e8re\"}]},{\"@type\":\"WebSite\",\"@id\":\"https:\/\/neo-digitech.fr\/#website\",\"url\":\"https:\/\/neo-digitech.fr\/\",\"name\":\"Neo-DIGITECH\",\"description\":\"Nous offrons une solution d\u2019externalisation en full remote \u00e0 Paris pour vos projets , avec une ma\u00eetrise des technologies telles que React, Next.js, Node.js, NestJS, TypeScript, PHP Laravel, PostgreSQL, Docker et Firebase\",\"publisher\":{\"@id\":\"https:\/\/neo-digitech.fr\/#organization\"},\"potentialAction\":[{\"@type\":\"SearchAction\",\"target\":{\"@type\":\"EntryPoint\",\"urlTemplate\":\"https:\/\/neo-digitech.fr\/?s={search_term_string}\"},\"query-input\":{\"@type\":\"PropertyValueSpecification\",\"valueRequired\":true,\"valueName\":\"search_term_string\"}}],\"inLanguage\":\"en-US\"},{\"@type\":\"Organization\",\"@id\":\"https:\/\/neo-digitech.fr\/#organization\",\"name\":\"Neo-DIGITECH\",\"url\":\"https:\/\/neo-digitech.fr\/\",\"logo\":{\"@type\":\"ImageObject\",\"inLanguage\":\"en-US\",\"@id\":\"https:\/\/neo-digitech.fr\/#\/schema\/logo\/image\/\",\"url\":\"https:\/\/neo-digitech.fr\/wp-content\/uploads\/2025\/05\/cropped-cropped-neo-digitech-logo.png\",\"contentUrl\":\"https:\/\/neo-digitech.fr\/wp-content\/uploads\/2025\/05\/cropped-cropped-neo-digitech-logo.png\",\"width\":300,\"height\":84,\"caption\":\"Neo-DIGITECH\"},\"image\":{\"@id\":\"https:\/\/neo-digitech.fr\/#\/schema\/logo\/image\/\"}}]}<\/script>\n<!-- \/ Yoast SEO plugin. -->","yoast_head_json":{"title":"Carri\u00e8re - Neo-DIGITECH","description":"Nous offrons une solution d\u2019externalisation en full remote \u00e0 Paris pour vos projets , avec une ma\u00eetrise des technologies telles que React, Next.js, Node.js, NestJS, TypeScript, PHP Laravel, PostgreSQL, Docker et Firebase","robots":{"index":"index","follow":"follow","max-snippet":"max-snippet:-1","max-image-preview":"max-image-preview:large","max-video-preview":"max-video-preview:-1"},"canonical":"https:\/\/neo-digitech.fr\/en\/carriere\/","schema":{"@context":"https:\/\/schema.org","@graph":[{"@type":"WebPage","@id":"https:\/\/neo-digitech.fr\/carriere\/","url":"https:\/\/neo-digitech.fr\/carriere\/","name":"Carri\u00e8re - Neo-DIGITECH","isPartOf":{"@id":"https:\/\/neo-digitech.fr\/#website"},"primaryImageOfPage":{"@id":"https:\/\/neo-digitech.fr\/carriere\/#primaryimage"},"image":{"@id":"https:\/\/neo-digitech.fr\/carriere\/#primaryimage"},"thumbnailUrl":"https:\/\/neo-digitech.fr\/wp-content\/uploads\/2025\/05\/neo-digitech-logo-white.png","datePublished":"2025-05-22T18:01:20+00:00","dateModified":"2025-08-02T15:16:37+00:00","description":"Nous offrons une solution d\u2019externalisation en full remote \u00e0 Paris pour vos projets , avec une ma\u00eetrise des technologies telles que React, Next.js, Node.js, NestJS, TypeScript, PHP Laravel, PostgreSQL, Docker et Firebase","breadcrumb":{"@id":"https:\/\/neo-digitech.fr\/carriere\/#breadcrumb"},"inLanguage":"en-US","potentialAction":[{"@type":"ReadAction","target":["https:\/\/neo-digitech.fr\/carriere\/"]}]},{"@type":"ImageObject","inLanguage":"en-US","@id":"https:\/\/neo-digitech.fr\/carriere\/#primaryimage","url":"https:\/\/neo-digitech.fr\/wp-content\/uploads\/2025\/05\/neo-digitech-logo-white.png","contentUrl":"https:\/\/neo-digitech.fr\/wp-content\/uploads\/2025\/05\/neo-digitech-logo-white.png"},{"@type":"BreadcrumbList","@id":"https:\/\/neo-digitech.fr\/carriere\/#breadcrumb","itemListElement":[{"@type":"ListItem","position":1,"name":"Accueil","item":"https:\/\/neo-digitech.fr\/"},{"@type":"ListItem","position":2,"name":"Carri\u00e8re"}]},{"@type":"WebSite","@id":"https:\/\/neo-digitech.fr\/#website","url":"https:\/\/neo-digitech.fr\/","name":"Neo-DIGITECH","description":"Nous offrons une solution d\u2019externalisation en full remote \u00e0 Paris pour vos projets , avec une ma\u00eetrise des technologies telles que React, Next.js, Node.js, NestJS, TypeScript, PHP Laravel, PostgreSQL, Docker et Firebase","publisher":{"@id":"https:\/\/neo-digitech.fr\/#organization"},"potentialAction":[{"@type":"SearchAction","target":{"@type":"EntryPoint","urlTemplate":"https:\/\/neo-digitech.fr\/?s={search_term_string}"},"query-input":{"@type":"PropertyValueSpecification","valueRequired":true,"valueName":"search_term_string"}}],"inLanguage":"en-US"},{"@type":"Organization","@id":"https:\/\/neo-digitech.fr\/#organization","name":"Neo-DIGITECH","url":"https:\/\/neo-digitech.fr\/","logo":{"@type":"ImageObject","inLanguage":"en-US","@id":"https:\/\/neo-digitech.fr\/#\/schema\/logo\/image\/","url":"https:\/\/neo-digitech.fr\/wp-content\/uploads\/2025\/05\/cropped-cropped-neo-digitech-logo.png","contentUrl":"https:\/\/neo-digitech.fr\/wp-content\/uploads\/2025\/05\/cropped-cropped-neo-digitech-logo.png","width":300,"height":84,"caption":"Neo-DIGITECH"},"image":{"@id":"https:\/\/neo-digitech.fr\/#\/schema\/logo\/image\/"}}]}},"_links":{"self":[{"href":"https:\/\/neo-digitech.fr\/en\/wp-json\/wp\/v2\/pages\/715","targetHints":{"allow":["GET"]}}],"collection":[{"href":"https:\/\/neo-digitech.fr\/en\/wp-json\/wp\/v2\/pages"}],"about":[{"href":"https:\/\/neo-digitech.fr\/en\/wp-json\/wp\/v2\/types\/page"}],"author":[{"embeddable":true,"href":"https:\/\/neo-digitech.fr\/en\/wp-json\/wp\/v2\/users\/1"}],"replies":[{"embeddable":true,"href":"https:\/\/neo-digitech.fr\/en\/wp-json\/wp\/v2\/comments?post=715"}],"version-history":[{"count":52,"href":"https:\/\/neo-digitech.fr\/en\/wp-json\/wp\/v2\/pages\/715\/revisions"}],"predecessor-version":[{"id":965,"href":"https:\/\/neo-digitech.fr\/en\/wp-json\/wp\/v2\/pages\/715\/revisions\/965"}],"wp:attachment":[{"href":"https:\/\/neo-digitech.fr\/en\/wp-json\/wp\/v2\/media?parent=715"}],"curies":[{"name":"wp","href":"https:\/\/api.w.org\/{rel}","templated":true}]}}